{"id":469,"date":"2016-10-12T14:28:18","date_gmt":"2016-10-12T18:28:18","guid":{"rendered":"http:\/\/judicialportraits.com\/art\/?page_id=469"},"modified":"2016-10-12T21:23:38","modified_gmt":"2016-10-13T01:23:38","slug":"about","status":"publish","type":"page","link":"https:\/\/judicialportraits.com\/art\/about\/","title":{"rendered":"About"},"content":{"rendered":"<div id=\"pl-469\"  class=\"panel-layout\" ><div id=\"pg-469-0\"  class=\"panel-grid panel-no-style\" ><div id=\"pgc-469-0-0\"  class=\"panel-grid-cell\" ><div id=\"panel-469-0-0-0\" class=\"so-panel widget widget_sow-editor panel-first-child panel-last-child\" data-index=\"0\" ><div\n\t\t\t\n\t\t\tclass=\"so-widget-sow-editor so-widget-sow-editor-base\"\n\t\t\t\n\t\t>\n<div class=\"siteorigin-widget-tinymce textwidget\">\n\t<figure id=\"attachment_492\" aria-describedby=\"caption-attachment-492\" style=\"width: 542px\" class=\"wp-caption alignnone\"><a href=\"http:\/\/judicialportraits.com\/art\/wp-content\/uploads\/2016\/10\/dsc_9960.jpg\"><img loading=\"lazy\" class=\" wp-image-492\" src=\"http:\/\/judicialportraits.com\/art\/wp-content\/uploads\/2016\/10\/dsc_9960.jpg\" alt=\"Roth fixing the name-plate for Judge Rodey's portrait\" width=\"542\" height=\"361\" srcset=\"https:\/\/judicialportraits.com\/art\/wp-content\/uploads\/2016\/10\/dsc_9960.jpg 640w, https:\/\/judicialportraits.com\/art\/wp-content\/uploads\/2016\/10\/dsc_9960-300x200.jpg 300w, https:\/\/judicialportraits.com\/art\/wp-content\/uploads\/2016\/10\/dsc_9960-272x182.jpg 272w\" sizes=\"(max-width: 542px) 100vw, 542px\" \/><\/a><figcaption id=\"caption-attachment-492\" class=\"wp-caption-text\">Roth fixing the name-plate for Judge Rodey's portrait<\/figcaption><\/figure>\n<\/div>\n<\/div><\/div><\/div><div id=\"pgc-469-0-1\"  class=\"panel-grid-cell\" ><div id=\"panel-469-0-1-0\" class=\"so-panel widget widget_sow-editor panel-first-child panel-last-child\" data-index=\"1\" ><div\n\t\t\t\n\t\t\tclass=\"so-widget-sow-editor so-widget-sow-editor-base\"\n\t\t\t\n\t\t>\n<div class=\"siteorigin-widget-tinymce textwidget\">\n\t<p><a href=\"http:\/\/judicialportraits.com\/art\/wp-content\/uploads\/2016\/10\/STUDIO.jpg\"><img loading=\"lazy\" class=\"wp-image-496 aligncenter\" src=\"http:\/\/judicialportraits.com\/art\/wp-content\/uploads\/2016\/10\/STUDIO.jpg\" alt=\"studio\" width=\"527\" height=\"321\" srcset=\"https:\/\/judicialportraits.com\/art\/wp-content\/uploads\/2016\/10\/STUDIO.jpg 889w, https:\/\/judicialportraits.com\/art\/wp-content\/uploads\/2016\/10\/STUDIO-300x183.jpg 300w, https:\/\/judicialportraits.com\/art\/wp-content\/uploads\/2016\/10\/STUDIO-768x467.jpg 768w\" sizes=\"(max-width: 527px) 100vw, 527px\" \/><\/a><\/p>\n<\/div>\n<\/div><\/div><\/div><\/div><div id=\"pg-469-1\"  class=\"panel-grid panel-no-style\" ><div id=\"pgc-469-1-0\"  class=\"panel-grid-cell\" ><div id=\"panel-469-1-0-0\" class=\"so-panel widget widget_sow-editor panel-first-child panel-last-child\" data-index=\"2\" ><div\n\t\t\t\n\t\t\tclass=\"so-widget-sow-editor so-widget-sow-editor-base\"\n\t\t\t\n\t\t>\n<div class=\"siteorigin-widget-tinymce textwidget\">\n\t<p style=\"text-align: justify;\">David Wells Roth, a portrait and land\/cityscape artist, was born in Florida and grew up in Sudbury, Massachusetts.\u00a0 While in high school\u00a0he\u00a0received private instruction from Boston expressionist David Aronson then studied painting in Boston University under a Ford Foundation scholarship, graduating with a BFA in painting.<\/p>\n<p style=\"text-align: justify;\">Right after college, Roth moved to New York City.\u00a0 Despite the financial hardships of being a fledgling artist in New York (which included living in his car for a time), he painted cityscapes, views in Central Park and street scenes throughout the city and sold them to passersby off of his portable easel.\u00a0<\/p>\n<p style=\"text-align: justify;\">In 1982, a French family offered Roth the opportunity to live in their home in the South of France for several months in exchange for a painting.\u00a0 He then moved to the Paris suburb of Le Pre St. Gervais and lived there through 1997,\u00a0bartering his\u00a0paintings for his\u00a0apartment. \u00a0While in Le Pre St. Gervais, he continued to paint city life, cafes and landscapes of Europe, including painting throughout Italy between 1984-1986. \u00a0He\u00a0was involved in exhibitions in Paris and Boston, including solo exhibitions at the French Library in Boston, and the Copley Society. \u00a0He participated in group shows in Paris, including shows at the Grand Palais, a juried competition at the Cirque d\u2019Hiver called Les Trophees de la Couleur, and a juried salon exhibition in the 10th district city hall of Paris.\u00a0\u00a0 While in Paris, from 1995-97, he\u00a0commuted back to Boston for a commission to paint a series of historical paintings for the Boston landmark and America's oldest continuously operating restaurant, The Union Oyster House. \u00a0The series was about the life of the Boston Revolutionary War publisher, Isaiah Thomas, and Daniel Webster, as well as some images of early Boston history which are on view in their Heritage room and along their sidewalk windows.<\/p>\n<p style=\"text-align: justify;\">Since returning to the states, Roth\u00a0participated in group shows in the Allan Stone and DFN galleries in New York, had solo exhibitions at the American Institute of Architects in Boston and the Whistler House Museum in Lowell, Massachusetts and was a finalist in the Blanche E. Coleman Award Competition.\u00a0 The Boston Public Library recently acquired several of his\u00a0drawings and watercolors for its print and paper collections.<\/p>\n<p style=\"text-align: justify;\">The federal and state courts in Massachusetts commissioned judicial portraits including a portrait of judge Richard G. Stearns which is hanging in Boston\u2019s federal courthouse.<\/p>\n<p style=\"text-align: justify;\">From <span style=\"text-decoration: underline;\"><a href=\"http:\/\/davidwellsroth.com\/artwork\/judicial-portrait-info\/\">2007-2010<\/a><\/span> he\u00a0was awarded a commission to paint the portraits of all 34 judges (past and present) of the United States federal court of the district of Puerto Rico.<\/p>\n<p style=\"text-align: justify;\"><strong>Education<\/strong><\/p>\n<p style=\"text-align: justify;\">Boston University, BFA, Painting.<br \/>Studied under: David Aronson (pre-college private mentor then professor at BU), John Wilson, Arthur Polonsky, David Ratner, Iso Papo, Morton Sacks, Joseph Ablow<\/p>\n<p style=\"text-align: justify;\">Rhode Island School of Design, Pre-college studies program.<br \/>Studied under: Richard Merkin, David Mccoulay<\/p>\n<p style=\"text-align: justify;\"><strong>Awards and recognition<\/strong><\/p>\n<p style=\"text-align: justify;\">2012-15 St. Botolph Club, Boston - Fellowship, Fellow<br \/>2006 Blanche E. Coleman Award Competition, finalist<br \/>1993 Lefranc\u00a0 &amp; Bourgois, Winsor Newton, Les Trophees de la Couleur, France<br \/>1975-76\u00a0Ford Foundation, Educational Grant, Boston University, Boston, MA<br \/>1975 Gold Medal, M. Grumbacher Artist\u2019s Material Award, New York National Scholastic Awards, New York, NY<br \/>1974-75\u00a0Boston Globe Scholastics Art Competition,\u00a0 various awards<\/p>\n<p style=\"text-align: justify;\"><strong>Selected Solo Painting Exhibitions<\/strong><\/p>\n<p>2015\u00a0\u00a0 South Street Gallery, Hingham, MA<br \/>2012\u00a0\u00a0 St. Botloph Club, Boston, MA<br \/>2010\u00a0\u00a0 Julie Heller Gallery, Provincetown, MA<br \/>2010\u00a0\u00a0 Whistler House Museum of Art, Lowell, MA<br \/>2007\u00a0\u00a0 Boston Society of Architects \/ AIA, Boston, MA<br \/>1994\u00a0\u00a0 American School of Paris, Paris\u00a0France<br \/>1990\u00a0\u00a0 W.I.C.E. (Woman\u2019s Institute of Continuing Education) Paris, France \u00a0<br \/>1989\u00a0\u00a0 Kennedy Studios, Boston, MA<br \/>1988\u00a0\u00a0 Angelina\u2019s (tea salon) Paris, France\u00a0\u00a0<br \/>1988\u00a0\u00a0 Jewish Community Center, Revere,MA<br \/>1988\u00a0\u00a0 White Cliff Estate, Plymouth, MA<br \/>1987\u00a0\u00a0 Galleria Chaillot, Paris, France<br \/>1987,88,89\u00a0\u00a0 French Library of Boston, Boston, MA\u00a0<br \/>1986\u00a0\u00a0 The Copley Society of Boston, Boston, MA<br \/>1985\u00a0\u00a0 Marriott Hotel, Boston, MA\u00a0<br \/>1985,86,87\u00a0\u00a0 Sky Club, Boston, MA\u00a0<br \/>1983\u00a0\u00a0 La Loir Dans La Theier (tea salon), Paris, France<\/p>\n<p><strong>Selected Group Exhibitions<\/strong><\/p>\n<p>2016 Powers Gallery, \"Town &amp; Country\", Acton, MA<br \/>2016 Kelpi Gallery, South Thomaston, ME<br \/>2015 St. Botolph Club, Fellowship Exhibition<br \/>2014 Boston University, Convergence: 60th Anniversary Alumni Juried Exhibition <br \/>2013 St. Botolph Club, Fellowship Exhibition<br \/>2013 Powers Gallery, Acton MA<br \/>2012 Claudia Stone Gallery, New York, NY<br \/>2012\u00a0Quidley &amp; Company Fine Art, Boston, MA<br \/>2012 George Billis Gallery, New York, NY<br \/>2010 Brickbottom Gallery, Somerville, MA<br \/>2008 Mazmanian Art Gallery, Framingham State College, Framingham, MA<br \/>2008 Allan Stone Gallery \u2013 Talent 2008, New York, NY<br \/>2008 Danforth Museum, Framingham MA, Juried Exhibition, Curated by\u00a0Carole Anne Meehan, Curator at the Institute of Contemporary Art, Boston<br \/>2007 Allan Stone Gallery \u2013 Talent 2007, New York, NY<br \/>2007\u00a0\u00a0 Powers Gallery, Acton, MA<br \/>2006\u00a0 Boston University Art Gallery, Boston, MA<br \/>2006 Frances Roddy Competition - Concord Art Association, Concord, MA, Juried Show, Jurer: Howard Yezerski\u00a0<br \/>2005 \u2013 Present,\u00a0 The Julie Heller Gallery, Provincetown, MA\u00a0<br \/>2005\u00a0\u00a0 South End Open Studio, Boston, MA\u00a0<br \/>2005\u00a0\u00a0 Redbrick Studio, Beverly, MA<br \/>1994\u00a0\u00a0 Espace BROTHER, Paris, France<br \/>1993\u00a0\u00a0 Cirque d'Hiver, Les Trophees de la Couleur (LEFRANC &amp; BOURGEOIS, WINSOR &amp; NEWTON), Paris, France\u00a0<br \/>1992\u00a0\u00a0 Grande Palais (Salon d'Automne), Paris, France\u00a0<br \/>1990\u00a0\u00a0 Pre St. Gervais, France - Salon d'Expression Contemporain, Le Pre St. Gervais, France<br \/>1982\u00a0\u00a0 10th district city hall (Juried salon exhibition) Paris, France\u00a0<br \/>1980\u00a0\u00a0 Copley Society of Boston's \"Boston Jubilee 350\", Boston, MA<br \/>1975-79\u00a0\u00a0 Boston University Art Gallery, Boston, MA<br \/>1975\u00a0\u00a0 New York National Scholastic Awards, Union Carbide Building, New York, NY\u00a0<br \/>1974,75\u00a0\u00a0 Massachusetts Regional Scholastic Art Exhibition (sponsored by the Boston Globe) Boston, MA\u00a0<\/p>\n<p><strong>Selected Collections and commissions<\/strong><\/p>\n<p><strong>PUBLIC<\/strong><br \/><u>Mairie du Pre St Gervais<\/u>, Pre St Gervais, France<u><br \/>Boston Public Library<\/u>, Prints &amp; Drawings Collection, Boston, MA<br \/><u>United States of America, Federal Court House<\/u>, Boston, MA<br \/>\u00a0\u00a0\u00a0 Portrait of Hin.\u00a0Richard G. Stearns<br \/><u>United States of America, Federal Court House<\/u>, San Juan, PR<br \/>\u00a0\u00a0\u00a0 All judicial portraits of the U.S. District Court in Puerto Rico, past and present,\u00a0<br \/>\u00a0 \u00a0 Portraits of: Hon. Clemente Ru\u00edz Nazario, Hon. Jos\u00e9 Antonio Fust\u00e9, Hon. Aida M. Delgado-Colon, Hon. Francisco Augusto Besosa, Hon. Gustavo A. Gelpi, Hon. Carmen Consuelo Cerezo, Hon. Pedro Delgado, Hon. Juan R. Torruella, Hon. Jaime Pieras Jr., Hon. Salvador E. Casellas, Hon. Raymond L. Acosta , Hon. Hiram Rafael Cancio , Hon. Juan B. Fern\u00e1ndez-Badillo, Hon. Paul Charlton, Hon. David Ch\u00e1vez Jr. , Hon. Robert Archer Cooper, Hon. Daniel R. Dominguez, Hon. Jay A. Garcia- Gregory, Hon. Gilberto Gierbolini-Ort\u00edz, Hon. Peter Joseph Hamilton, Hon. William Henry Holt, Hon. John James Jenkins, Hon. H\u00e9ctor M. Laffitte, Hon. Charles Francis McKenna, Hon. Arthur Fuller Odlin, Hon. Juan Manuel P\u00e9rez-Gim\u00e9nez, Hon. Hern\u00e1n G. Pesquera, Hon. Noah Brooks Kent Pettingill, Hon. Thomas Hagan Roberts, Hon. Bernard Shandon Rodey, Hon. Jos\u00e9 V. Toledo, Hon. Ira Kent Wells, Major Eugene D. Dimmick, Major Earl D. Thomas<br \/><u>Wrentham District Court<\/u>, Wrentham, MA,<br \/>\u00a0 \u00a0 \u00a0Portrait of Hon.\u00a0Warren Powers<\/p>\n<p><strong>CORPORATE<br \/><\/strong><u>MIT Federal Credit Union<\/u>, Cambridge MA \u2013 <em>2013 - commissioned portrait of its founder, Frank Conant<br \/><\/em><u>Union Oyster House<\/u> (historical landmark), Boston, MA -\u00a0<em>1995-1997 - painting series commission: to create a series of paintings representing the printer \/ publisher Isaiah Thomas and his connection to the American Revolutionary War as well as depicting history connected to the Union Oyster House<\/em><br \/><u>City Harvest<\/u>, Inc., New York, NY<br \/><u>Lefranc\u00a0 &amp; Bourgois, Winsor Newton<\/u>, France<br \/><u>Law Offices of Kenyon &amp; Kenyon<\/u>, New York, NY<br \/><u>Morgan Stanley<\/u>, New York, NY<br \/><u>Psion Co<\/u>., London, England<br \/><u>Les Nouveaux Constructeurs<\/u>, Paris, France -\u00a0<em>1992 - lithograph commission: to create a lithograph edition representing the Cathedral d'Evry, the first cathedral built in France in 200 years, the lithographs were offered to the various parties involved by<\/em><em>\u00a0<\/em><em>Les Nouveaux Constructeurs, including the architect, Mario Botta<\/em><br \/><u>Hotel Adagio<\/u>, Sevres, France<br \/><u>Hotel Ibis<\/u>, France<br \/><u>One if by land, Two if by sea<\/u>, New York, NY<\/p>\n<p><strong>PRIVATE<br \/><\/strong>Found in private collections throughout Europe, Asia, and the United States<\/p>\n<h1><span style=\"font-size: 16px;\">PRESS AND PUBLICATIONS<\/span><\/h1>\n<p><span style=\"font-size: 16px;\">Interview by Michael Corbin, <a href=\"http:\/\/artbookguy.com\/david-wells-roth-judicial-portraits_628.html\">DAVID WELLS ROTH: JUDICIAL PORTRAITS<\/a> with \"ArtBook Guy\" July 1, 2013<\/span><\/p>\n<p><span style=\"font-size: 16px;\">Interview by Michael Corbin, <a href=\"http:\/\/artbookguy.com\/david-wells-roth-space-light-shadow_420.html\">\"DAVID WELLS ROTH: SPACE, LIGHT &amp; SHADOW\"<\/a> with\u00a0 <a href=\"http:\/\/artbookguy.com\/\">\"ArtBookGuy.com\"<\/a>, April 5, 2012<\/span><\/p>\n<p><span style=\"font-size: 16px;\"><a href=\"http:\/\/www.milforddailynews.com\/news\/x1288992491\/Framingham-artist-exhibits-at-Bostons-St-Botolph-Club\">Framingham artist exhibits at Boston's St. Botolph Club<\/a><\/span><br \/><span style=\"font-size: 16px;\">Review by Chris Bergeran, Gatehouse News Services, (or <a href=\"http:\/\/davidwellsroth.com\/PRESS-ARTICLES\/framingham_artist_exhibits_at_bo.htm\">Article<\/a>). February 27, 2012<\/span><\/p>\n<p><span style=\"font-size: 16px;\">Listed in the <u>Benezit Dictionary of Artists<\/u>, Vol. 11, pg. 1434, Oxford University Press<\/span><\/p>\n<p><span style=\"font-size: 16px;\">Review by Kristine Lundblad, Gatehouse News Services, <a href=\"http:\/\/www.metrowestdailynews.com\/arts\/x1218689045\/Framingham-artist-mounts-Places-and-Faces-show-at-the-Whistler\">Framingham artist mounts 'Places and Faces' show at the Whistler<\/a> (or <a href=\"http:\/\/davidwellsroth.com\/artwork\/metro-west-060310\/\">Article<\/a>), June 3, 2010<\/span><\/p>\n<p><span style=\"font-size: 16px;\">Interview by Chris Bergeran, <u>Metrowest Daily News<\/u>, <a href=\"http:\/\/www.metrowestdailynews.com\/features\/x126577945\/Framingham-artist-completes-series-of-judge-portraits\">Framingham artist completes series of judge portraits<\/a> (or <a href=\"http:\/\/davidwellsroth.com\/PRESS-ARTICLES\/PR-PORTRAITS.pdf\">Article<\/a>), March 22, 2010<\/span><\/p>\n<p><span style=\"font-size: 16px;\">Drawing appears in Nathan Goldstein\u2019s <u>Figure Drawing, the Structure, Anatomy and Expressive Design of Human Form<\/u>, 7<sup>th<\/sup> Edition, Pearson Prentice Hall, 2010<\/span><\/p>\n<p><span style=\"font-size: 16px;\">Review by Chris Bergeran, <u>Metrowest Daily News,<\/u> \"<a href=\"http:\/\/davidwellsroth.com\/PRESS-ARTICLES\/trio_of_artists_exhibits_at_fram.htm\">Trio of artists exhibits at Framingham State<\/a>\", December 8, 2008<\/span><\/p>\n<p><span style=\"font-size: 16px;\">Interview by John Hilliard, <u>Framingham Tab<\/u>, \"<a href=\"http:\/\/www.wickedlocal.com\/framingham\/news\/x1603412804\/David-Wells-Roth-s-paintings-capture-the-silent-drama-of-color-at-play\">David Wells Roth's paintings capture the silent drama of color at play<\/a>\" (or <a href=\"http:\/\/davidwellsroth.com\/PRESS-ARTICLES\/TAB.pdf\">\u00a0<\/a><a href=\"http:\/\/davidwellsroth.com\/PRESS-ARTICLES\/TAB.pdf\">Article<\/a>),\u00a0 September 19, 2008<\/span><\/p>\n<p><span style=\"font-size: 16px;\"><u>The San Juan Star<\/u> \"<a href=\"http:\/\/davidwellsroth.com\/PRESS-ARTICLES\/The%20San%20Juan%20Star%2007-11-2008.jpg\">Portraits of ex-federal judges unveiled in courthouse tribute\"<\/a>, July 11, 2008<\/span><\/p>\n<p><span style=\"font-size: 16px;\"><u>Metrowest Daily News<\/u>, \u201c<a href=\"http:\/\/davidwellsroth.com\/PRESS-ARTICLES\/anticipation.htm\">Anticipation: Artists and institutions to watch in 2007<\/a>\u201d, December 31, 2006<\/span><\/p>\n<p><span style=\"font-size: 16px;\">June Wulff, <u>The Boston Globe<\/u>, <em>Sidekick <\/em>\u201c<a href=\"http:\/\/davidwellsroth.com\/PRESS-ARTICLES\/Scenes_and_the_city.htm\">Scenes and the city<\/a>\u201d, March, 2007<\/span><\/p>\n<p><span style=\"font-size: 16px;\">Review by Ron Fletcher, <u>The Boston Globe<\/u>,\u00a0 \u201c<a href=\"http:\/\/www.boston.com\/news\/local\/articles\/2006\/08\/06\/walls_of_logans_terminal_c_provide_a_way_station_for_art\/\">Walls of Logan\u2019s Terminal C provide a way station for art<\/a>\u201d - - \u201c<a href=\"http:\/\/davidwellsroth.com\/PRESS-ARTICLES\/walls_of_logan.htm\">Walls of Logan\u2019s Terminal C provide a way station for art<\/a>\u201d\u00a0 July, 2006<\/span><\/p>\n<p><span style=\"font-size: 16px;\">Interview by Chris Bergeran, <u>\u00a0Metrowest Daily News<\/u>, \u201c<a href=\"http:\/\/davidwellsroth.com\/PRESS-ARTICLES\/stearnsPortrait.htm\">A brush with the law<\/a>\u201d, May 28, 2006<\/span><\/p>\n<p><span style=\"font-size: 16px;\">Interview by Chris Bergeran, <u>\u00a0Metrowest Daily News<\/u>, \u201c<a href=\"http:\/\/davidwellsroth.com\/PRESS-ARTICLES\/a_brush_with_passion_by_chris_be.htm\">A brush with passion<\/a>\u201d, September 15, 2005<\/span><\/p>\n<p><span style=\"font-size: 16px;\"><u>News From the Boston University School for the Arts<\/u>, Class notes, 1997<\/span><\/p>\n<p><span style=\"font-size: 16px;\">Susan Bickelhaupt and Maureen Dezell, <u>\u00a0The Boston Globe,<\/u> <em>Names and Faces<\/em>, \u201c<a href=\"http:\/\/davidwellsroth.com\/PRESS-ARTICLES\/Globe%20article.pdf\">Finishing Touches<\/a>\u201d, July 10, 1996<\/span><\/p>\n<p><span style=\"font-size: 16px;\"><u>Figaroscope<\/u>, Paris, Expositions, \u201cDavid Wells Roth\u201d, October 26, 1988<\/span><\/p>\n<p><span style=\"font-size: 16px;\">Robert Taylor, <u>The Boston Globe<\/u>, \u201cGreat Views\u201d, June 12, 1987<\/span><\/p>\n<p><span style=\"font-size: 16px;\">Review by Louis Williams, <u>Middlesex News<\/u>, \u201c<a href=\"http:\/\/davidwellsroth.com\/artwork\/pdf\/\">Sudbury artist, a master in the making<\/a>\u201d June 27, 1985<\/span><\/p>\n<p><span style=\"font-size: 16px;\">Interview by Donald Heinrich, <u>Something ELSe<\/u>, \u201c<a href=\"http:\/\/davidwellsroth.com\/PRESS-ARTICLES\/foreign%20pallet.pdf\">A foreign Palette - Two artists in Paris<\/a>\u201d, December 20, 1984<\/span><\/p>\n<p><span style=\"font-size: 16px;\">Review, <u>The Middlesex News<\/u>, \u201cSudbury artist exhibits in honor of Boston 350\u201d July 1, 1980<\/span><\/p>\n<p><span style=\"font-size: 16px;\"><u>The Boston Sunday Globe<\/u>, \"Scholastic art awards of The Boston Globe\", February 9, 1975<\/span><\/p>\n<p><span style=\"font-size: 16px;\">Interview by Lorelei Snyder, <u>The Fence Viewer<\/u> (Sudbury, MA), \"<a href=\"http:\/\/davidwellsroth.com\/PRESS-ARTICLES\/STAMP-.pdf\">Washington Stamp Board Will View Sudbury Student's Art<\/a>\", 1970<\/span><\/p>\n<\/div>\n<\/div><\/div><\/div><\/div><\/div>","protected":false},"excerpt":{"rendered":"<p>David Wells Roth, a portrait and land\/cityscape artist, was born in Florida and grew up in Sudbury, Massachusetts.\u00a0 While in high school\u00a0he\u00a0received private instruction from Boston expressionist David Aronson then studied painting in Boston University under a Ford Foundation scholarship, graduating with a BFA in painting.Right after college, Roth moved to New York City.\u00a0 Despite &hellip; <a href=\"https:\/\/judicialportraits.com\/art\/about\/\" title=\"About\" class=\"read-more\">Read More<\/a><\/p>\n","protected":false},"author":1,"featured_media":0,"parent":0,"menu_order":0,"comment_status":"closed","ping_status":"closed","template":"","meta":{"ngg_post_thumbnail":0},"_links":{"self":[{"href":"https:\/\/judicialportraits.com\/art\/wp-json\/wp\/v2\/pages\/469"}],"collection":[{"href":"https:\/\/judicialportraits.com\/art\/wp-json\/wp\/v2\/pages"}],"about":[{"href":"https:\/\/judicialportraits.com\/art\/wp-json\/wp\/v2\/types\/page"}],"author":[{"embeddable":true,"href":"https:\/\/judicialportraits.com\/art\/wp-json\/wp\/v2\/users\/1"}],"replies":[{"embeddable":true,"href":"https:\/\/judicialportraits.com\/art\/wp-json\/wp\/v2\/comments?post=469"}],"version-history":[{"count":6,"href":"https:\/\/judicialportraits.com\/art\/wp-json\/wp\/v2\/pages\/469\/revisions"}],"predecessor-version":[{"id":497,"href":"https:\/\/judicialportraits.com\/art\/wp-json\/wp\/v2\/pages\/469\/revisions\/497"}],"wp:attachment":[{"href":"https:\/\/judicialportraits.com\/art\/wp-json\/wp\/v2\/media?parent=469"}],"curies":[{"name":"wp","href":"https:\/\/api.w.org\/{rel}","templated":true}]}}